{"id":5584,"date":"2022-08-29T15:47:06","date_gmt":"2022-08-29T15:47:06","guid":{"rendered":"https:\/\/museum-murtal.at\/?page_id=5584"},"modified":"2022-08-29T15:52:15","modified_gmt":"2022-08-29T15:52:15","slug":"leitbild","status":"publish","type":"page","link":"https:\/\/museum-murtal.at\/?page_id=5584","title":{"rendered":"Leitbild"},"content":{"rendered":"\t\t<div data-elementor-type=\"wp-post\" data-elementor-id=\"5584\" class=\"elementor elementor-5584\" data-elementor-settings=\"[]\">\n\t\t\t\t\t\t<div class=\"elementor-inner\">\n\t\t\t\t\t\t\t<div class=\"elementor-section-wrap\">\n\t\t\t\t\t\t\t<section class=\"elementor-section elementor-top-section elementor-element elementor-element-0c1ef72 elementor-section-full_width elementor-section-height-default elementor-section-height-default\" data-id=\"0c1ef72\" data-element_type=\"section\">\n\t\t\t\t\t\t<div class=\"elementor-container elementor-column-gap-default\">\n\t\t\t\t\t\t\t<div class=\"elementor-row\">\n\t\t\t\t\t<div class=\"elementor-column elementor-col-100 elementor-top-column elementor-element elementor-element-2a78578\" data-id=\"2a78578\" data-element_type=\"column\">\n\t\t\t<div class=\"elementor-column-wrap elementor-element-populated\">\n\t\t\t\t\t\t\t<div class=\"elementor-widget-wrap\">\n\t\t\t\t\t\t<div class=\"elementor-element elementor-element-bb90773 elementor-widget elementor-widget-ova_heading_page\" data-id=\"bb90773\" data-element_type=\"widget\" data-widget_type=\"ova_heading_page.default\">\n\t\t\t\t<div class=\"elementor-widget-container\">\n\t\t\t\n\t\t<section class=\"heading-page\" style=\"background-image: url(https:\/\/museum-murtal.at\/wp-content\/uploads\/2019\/10\/title07.jpg)\" >\n\t\t\t<div class=\"container\">\n\t\t\t\t<div class=\"cta-content\">\n\t\t\t\t\t\t\t\t\t\t\t<h2 class=\"second_font\">Leitbild und Sammlungsstrategie<\/h2>\n\t\t\t\t\t\t\t\t\t\t\n\t\t\t\t<\/div>\n\t\t\t<\/div>\n\t\t<\/section>\n\n\t\t\t<\/div>\n\t\t\t\t<\/div>\n\t\t\t\t\t\t<\/div>\n\t\t\t\t\t<\/div>\n\t\t<\/div>\n\t\t\t\t\t\t\t\t<\/div>\n\t\t\t\t\t<\/div>\n\t\t<\/section>\n\t\t\t\t<section class=\"elementor-section elementor-top-section elementor-element elementor-element-d3803cd elementor-section-boxed elementor-section-height-default elementor-section-height-default\" data-id=\"d3803cd\" data-element_type=\"section\" id=\"accessibility\">\n\t\t\t\t\t\t<div class=\"elementor-container elementor-column-gap-default\">\n\t\t\t\t\t\t\t<div class=\"elementor-row\">\n\t\t\t\t\t<div class=\"elementor-column elementor-col-100 elementor-top-column elementor-element elementor-element-aafc10b\" data-id=\"aafc10b\" data-element_type=\"column\">\n\t\t\t<div class=\"elementor-column-wrap elementor-element-populated\">\n\t\t\t\t\t\t\t<div class=\"elementor-widget-wrap\">\n\t\t\t\t\t\t<section class=\"elementor-section elementor-inner-section elementor-element elementor-element-3e8a5b5 elementor-section-boxed elementor-section-height-default elementor-section-height-default\" data-id=\"3e8a5b5\" data-element_type=\"section\">\n\t\t\t\t\t\t<div class=\"elementor-container elementor-column-gap-default\">\n\t\t\t\t\t\t\t<div class=\"elementor-row\">\n\t\t\t\t\t<div class=\"elementor-column elementor-col-50 elementor-inner-column elementor-element elementor-element-d19f21a\" data-id=\"d19f21a\" data-element_type=\"column\">\n\t\t\t<div class=\"elementor-column-wrap elementor-element-populated\">\n\t\t\t\t\t\t\t<div class=\"elementor-widget-wrap\">\n\t\t\t\t\t\t<div class=\"elementor-element elementor-element-c537805 elementor-widget elementor-widget-heading\" data-id=\"c537805\" data-element_type=\"widget\" id=\"accessibility\u200b\" data-widget_type=\"heading.default\">\n\t\t\t\t<div class=\"elementor-widget-container\">\n\t\t\t<h2 class=\"elementor-heading-title elementor-size-default\"><br>Leitbild<\/h2>\t\t<\/div>\n\t\t\t\t<\/div>\n\t\t\t\t\t\t<\/div>\n\t\t\t\t\t<\/div>\n\t\t<\/div>\n\t\t\t\t<div class=\"elementor-column elementor-col-50 elementor-inner-column elementor-element elementor-element-21c6686\" data-id=\"21c6686\" data-element_type=\"column\">\n\t\t\t<div class=\"elementor-column-wrap elementor-element-populated\">\n\t\t\t\t\t\t\t<div class=\"elementor-widget-wrap\">\n\t\t\t\t\t\t<div class=\"elementor-element elementor-element-f20e8a2 elementor-widget elementor-widget-text-editor\" data-id=\"f20e8a2\" data-element_type=\"widget\" data-widget_type=\"text-editor.default\">\n\t\t\t\t<div class=\"elementor-widget-container\">\n\t\t\t\t\t<div class=\"elementor-text-editor elementor-clearfix\"><h5><strong>Das Museum Murtal widmet sich dem arch\u00e4ologischen Erbe der Region Murtal und dar\u00fcber hinaus.\u00a0<\/strong><\/h5><p>Ziel ist es die Bedeutung und auch die regionale Entwicklung herauszuarbeiten, um sie in weiterer Folge besser verstehen zu k\u00f6nnen.<\/p><p>Angestrebt wird eine umfassende Aufnahme von arch\u00e4ologischen Denkm\u00e4lern und Fundpl\u00e4tzen in der Region Murau-Murtal, die in Vermittlungsprogrammen und Publikationen der breiten \u00d6ffentlichkeit zug\u00e4nglich gemacht werden soll. Aktuelle Erkenntnisse zur langen Besiedelungsgeschichte des Murtals sollen den Besuchern und Besucherinnen zeitgem\u00e4\u00df pr\u00e4sentiert und vermittelt werden. Eine wichtige Aufgabe des Museums besteht darin f\u00fcr Kinder und Jugendliche aber auch Erwachsenen Arch\u00e4ologie greifbar zu machen.\u00a0<\/p><p><span style=\"letter-spacing: 0.2px;\">Die Museumsarbeit orientiert sich am ICOM-Code of Ethics:<\/span><\/p><p><span style=\"letter-spacing: 0.2px;\"><b><i>\u201eEin Museum ist eine gemeinn\u00fctzige Einrichtung, die der Gesellschaft und ihrer Entwicklung dient, der \u00d6ffentlichkeit zug\u00e4nglich ist und materielle Zeugnisse des Menschen und seiner Umwelt f\u00fcr Studien-, Bildungs- und Unterhaltungszwecke sammelt, bewahrt, erforscht, vermittelt und ausstellt.\u201c<\/i><\/b><\/span><\/p><div>\u00a0<\/div><\/div>\n\t\t\t\t<\/div>\n\t\t\t\t<\/div>\n\t\t\t\t<div class=\"elementor-element elementor-element-8e446eb elementor-widget elementor-widget-text-editor\" data-id=\"8e446eb\" data-element_type=\"widget\" data-widget_type=\"text-editor.default\">\n\t\t\t\t<div class=\"elementor-widget-container\">\n\t\t\t\t\t<div class=\"elementor-text-editor elementor-clearfix\"><p><span style=\"color: #555555;\">&#8212;&#8212;&#8212;&#8212;&#8212;&#8212;&#8212;&#8212;&#8212;&#8212;&#8212;<\/span><\/p><\/div>\n\t\t\t\t<\/div>\n\t\t\t\t<\/div>\n\t\t\t\t\t\t<\/div>\n\t\t\t\t\t<\/div>\n\t\t<\/div>\n\t\t\t\t\t\t\t\t<\/div>\n\t\t\t\t\t<\/div>\n\t\t<\/section>\n\t\t\t\t\t\t<\/div>\n\t\t\t\t\t<\/div>\n\t\t<\/div>\n\t\t\t\t\t\t\t\t<\/div>\n\t\t\t\t\t<\/div>\n\t\t<\/section>\n\t\t\t\t<section class=\"elementor-section elementor-top-section elementor-element elementor-element-2845815 elementor-section-boxed elementor-section-height-default elementor-section-height-default\" data-id=\"2845815\" data-element_type=\"section\">\n\t\t\t\t\t\t<div class=\"elementor-container elementor-column-gap-default\">\n\t\t\t\t\t\t\t<div class=\"elementor-row\">\n\t\t\t\t\t<div class=\"elementor-column elementor-col-100 elementor-top-column elementor-element elementor-element-4ef94c2\" data-id=\"4ef94c2\" data-element_type=\"column\">\n\t\t\t<div class=\"elementor-column-wrap elementor-element-populated\">\n\t\t\t\t\t\t\t<div class=\"elementor-widget-wrap\">\n\t\t\t\t\t\t<section class=\"elementor-section elementor-inner-section elementor-element elementor-element-962d0de elementor-section-boxed elementor-section-height-default elementor-section-height-default\" data-id=\"962d0de\" data-element_type=\"section\">\n\t\t\t\t\t\t<div class=\"elementor-container elementor-column-gap-default\">\n\t\t\t\t\t\t\t<div class=\"elementor-row\">\n\t\t\t\t\t<div class=\"elementor-column elementor-col-50 elementor-inner-column elementor-element elementor-element-804660b\" data-id=\"804660b\" data-element_type=\"column\">\n\t\t\t<div class=\"elementor-column-wrap elementor-element-populated\">\n\t\t\t\t\t\t\t<div class=\"elementor-widget-wrap\">\n\t\t\t\t\t\t<div class=\"elementor-element elementor-element-f80945d elementor-widget elementor-widget-heading\" data-id=\"f80945d\" data-element_type=\"widget\" data-widget_type=\"heading.default\">\n\t\t\t\t<div class=\"elementor-widget-container\">\n\t\t\t<h2 class=\"elementor-heading-title elementor-size-default\"><br>Sammlungsstrategie<\/h2>\t\t<\/div>\n\t\t\t\t<\/div>\n\t\t\t\t\t\t<\/div>\n\t\t\t\t\t<\/div>\n\t\t<\/div>\n\t\t\t\t<div class=\"elementor-column elementor-col-50 elementor-inner-column elementor-element elementor-element-4612027\" data-id=\"4612027\" data-element_type=\"column\">\n\t\t\t<div class=\"elementor-column-wrap elementor-element-populated\">\n\t\t\t\t\t\t\t<div class=\"elementor-widget-wrap\">\n\t\t\t\t\t\t<div class=\"elementor-element elementor-element-01e4cf7 elementor-widget elementor-widget-text-editor\" data-id=\"01e4cf7\" data-element_type=\"widget\" data-widget_type=\"text-editor.default\">\n\t\t\t\t<div class=\"elementor-widget-container\">\n\t\t\t\t\t<div class=\"elementor-text-editor elementor-clearfix\"><h5><strong>Einen besonderen Stellenwert in der Dauerausstellung nehmen die Funde aus den Grabungen rund um Strettweg ein.\u00a0<\/strong><\/h5><p>Im hauseigenen Depot werden die nicht ausgestellten Sammlungsgegenst\u00e4nde bewahrt und konserviert. Die Sammlung setzt sich vorwiegend aus den Fundgegenst\u00e4nden der Grabungen in Strettweg zusammen, soll aber im Laufe der Zeit durch zeitgleiche und -nahe Objekte erg\u00e4nzt werden.\u00a0<\/p><p>Gesammelt werden aber nicht nur arch\u00e4ologische Bodenfunde, sondern auch Publikationen, die sich mit den Bereichen Urgeschichte, Arch\u00e4ologie im Allgemeinen aber schwerpunktm\u00e4\u00dfig mit der Steiermark besch\u00e4ftigen.\u00a0<\/p><p>Einen wichtigen Stellenwert nimmt auch die Inventarisierung der Sammlungsgegenst\u00e4nde ein.\u00a0<\/p><p>Die regelm\u00e4\u00dfige Begutachtung des Depots und Evaluierung der Sammlung sind vorgesehen.\u00a0<span style=\"letter-spacing: 0.2px;\">\u00a0<\/span><\/p><\/div>\n\t\t\t\t<\/div>\n\t\t\t\t<\/div>\n\t\t\t\t<div class=\"elementor-element elementor-element-a0f885c elementor-widget elementor-widget-text-editor\" data-id=\"a0f885c\" data-element_type=\"widget\" data-widget_type=\"text-editor.default\">\n\t\t\t\t<div class=\"elementor-widget-container\">\n\t\t\t\t\t<div class=\"elementor-text-editor elementor-clearfix\"><p><span style=\"color: #555555;\">&#8212;&#8212;&#8212;&#8212;&#8212;&#8212;&#8212;&#8212;&#8212;&#8212;&#8212;<\/span><\/p><\/div>\n\t\t\t\t<\/div>\n\t\t\t\t<\/div>\n\t\t\t\t\t\t<\/div>\n\t\t\t\t\t<\/div>\n\t\t<\/div>\n\t\t\t\t\t\t\t\t<\/div>\n\t\t\t\t\t<\/div>\n\t\t<\/section>\n\t\t\t\t\t\t<\/div>\n\t\t\t\t\t<\/div>\n\t\t<\/div>\n\t\t\t\t\t\t\t\t<\/div>\n\t\t\t\t\t<\/div>\n\t\t<\/section>\n\t\t\t\t\t\t<\/div>\n\t\t\t\t\t\t<\/div>\n\t\t\t\t\t<\/div>\n\t\t","protected":false},"excerpt":{"rendered":"<p>Leitbild und Sammlungsstrategie Leitbild Das Museum Murtal widmet sich dem arch\u00e4ologischen Erbe der Region Murtal und dar\u00fcber hinaus.\u00a0 Ziel ist es die Bedeutung und auch die regionale Entwicklung herauszuarbeiten, um sie in weiterer Folge besser verstehen zu k\u00f6nnen. Angestrebt wird eine umfassende Aufnahme von arch\u00e4ologischen Denkm\u00e4lern und Fundpl\u00e4tzen in der Region Murau-Murtal, die in Vermittlungsprogrammen [&hellip;]<\/p>\n","protected":false},"author":1,"featured_media":0,"parent":0,"menu_order":0,"comment_status":"closed","ping_status":"closed","template":"elementor_header_footer","meta":{"footnotes":""},"_links":{"self":[{"href":"https:\/\/museum-murtal.at\/index.php?rest_route=\/wp\/v2\/pages\/5584"}],"collection":[{"href":"https:\/\/museum-murtal.at\/index.php?rest_route=\/wp\/v2\/pages"}],"about":[{"href":"https:\/\/museum-murtal.at\/index.php?rest_route=\/wp\/v2\/types\/page"}],"author":[{"embeddable":true,"href":"https:\/\/museum-murtal.at\/index.php?rest_route=\/wp\/v2\/users\/1"}],"replies":[{"embeddable":true,"href":"https:\/\/museum-murtal.at\/index.php?rest_route=%2Fwp%2Fv2%2Fcomments&post=5584"}],"version-history":[{"count":2,"href":"https:\/\/museum-murtal.at\/index.php?rest_route=\/wp\/v2\/pages\/5584\/revisions"}],"predecessor-version":[{"id":5586,"href":"https:\/\/museum-murtal.at\/index.php?rest_route=\/wp\/v2\/pages\/5584\/revisions\/5586"}],"wp:attachment":[{"href":"https:\/\/museum-murtal.at\/index.php?rest_route=%2Fwp%2Fv2%2Fmedia&parent=5584"}],"curies":[{"name":"wp","href":"https:\/\/api.w.org\/{rel}","templated":true}]}}