{"id":5376,"date":"2020-09-14T12:45:17","date_gmt":"2020-09-14T12:45:17","guid":{"rendered":"https:\/\/museum-murtal.at\/?page_id=5376"},"modified":"2020-09-14T12:52:34","modified_gmt":"2020-09-14T12:52:34","slug":"foerderungen","status":"publish","type":"page","link":"https:\/\/museum-murtal.at\/?page_id=5376","title":{"rendered":"Foerderungen"},"content":{"rendered":"\t\t<div data-elementor-type=\"wp-post\" data-elementor-id=\"5376\" class=\"elementor elementor-5376\" data-elementor-settings=\"[]\">\n\t\t\t\t\t\t<div class=\"elementor-inner\">\n\t\t\t\t\t\t\t<div class=\"elementor-section-wrap\">\n\t\t\t\t\t\t\t<section class=\"elementor-section elementor-top-section elementor-element elementor-element-16b4a05 elementor-section-boxed elementor-section-height-default elementor-section-height-default\" data-id=\"16b4a05\" data-element_type=\"section\">\n\t\t\t\t\t\t<div class=\"elementor-container elementor-column-gap-default\">\n\t\t\t\t\t\t\t<div class=\"elementor-row\">\n\t\t\t\t\t<div class=\"elementor-column elementor-col-100 elementor-top-column elementor-element elementor-element-9997a67\" data-id=\"9997a67\" data-element_type=\"column\">\n\t\t\t<div class=\"elementor-column-wrap elementor-element-populated\">\n\t\t\t\t\t\t\t<div class=\"elementor-widget-wrap\">\n\t\t\t\t\t\t<div class=\"elementor-element elementor-element-df53d2a elementor-widget elementor-widget-ova_heading\" data-id=\"df53d2a\" data-element_type=\"widget\" data-widget_type=\"ova_heading.default\">\n\t\t\t\t<div class=\"elementor-widget-container\">\n\t\t\t\t\t<div class=\"ova_heading\">\n\t\t\t\t\t\t\t<h1 class=\"heading_title second_font\">F\u00f6rderung<\/h1>\n\t\t\t\t\t\t\t\t<\/div>\n\t\t\t\t<\/div>\n\t\t\t\t<\/div>\n\t\t\t\t<div class=\"elementor-element elementor-element-26df251 line-height-32 elementor-widget elementor-widget-text-editor\" data-id=\"26df251\" data-element_type=\"widget\" data-widget_type=\"text-editor.default\">\n\t\t\t\t<div class=\"elementor-widget-container\">\n\t\t\t\t\t<div class=\"elementor-text-editor elementor-clearfix\"><p>Verlinkungen lt. den Publizit\u00e4tsbestimmungen bei F\u00f6rderungen aus dem \u00f6sterreichischen Programm f\u00fcr l\u00e4ndliche Entwicklung 2014 bis 2020:<\/p><\/div>\n\t\t\t\t<\/div>\n\t\t\t\t<\/div>\n\t\t\t\t\t\t<\/div>\n\t\t\t\t\t<\/div>\n\t\t<\/div>\n\t\t\t\t\t\t\t\t<\/div>\n\t\t\t\t\t<\/div>\n\t\t<\/section>\n\t\t\t\t<section class=\"elementor-section elementor-top-section elementor-element elementor-element-3f9ffb2 elementor-section-boxed elementor-section-height-default elementor-section-height-default\" data-id=\"3f9ffb2\" data-element_type=\"section\">\n\t\t\t\t\t\t<div class=\"elementor-container elementor-column-gap-default\">\n\t\t\t\t\t\t\t<div class=\"elementor-row\">\n\t\t\t\t\t<div class=\"elementor-column elementor-col-33 elementor-top-column elementor-element elementor-element-8b756ab\" data-id=\"8b756ab\" data-element_type=\"column\">\n\t\t\t<div class=\"elementor-column-wrap elementor-element-populated\">\n\t\t\t\t\t\t\t<div class=\"elementor-widget-wrap\">\n\t\t\t\t\t\t<div class=\"elementor-element elementor-element-dbf063a elementor-widget elementor-widget-image\" data-id=\"dbf063a\" data-element_type=\"widget\" data-widget_type=\"image.default\">\n\t\t\t\t<div class=\"elementor-widget-container\">\n\t\t\t\t\t<div class=\"elementor-image\">\n\t\t\t\t\t\t\t\t\t\t\t<a href=\"https:\/\/irmurtal.at\/de\/index.asp\" target=\"_blank\">\n\t\t\t\t\t\t\t<img loading=\"lazy\" width=\"512\" height=\"256\" src=\"https:\/\/museum-murtal.at\/wp-content\/uploads\/2020\/09\/foerder01.jpg\" class=\"attachment-large size-large\" alt=\"\" decoding=\"async\" srcset=\"https:\/\/museum-murtal.at\/wp-content\/uploads\/2020\/09\/foerder01.jpg 512w, https:\/\/museum-murtal.at\/wp-content\/uploads\/2020\/09\/foerder01-300x150.jpg 300w\" sizes=\"(max-width: 512px) 100vw, 512px\" \/>\t\t\t\t\t\t\t\t<\/a>\n\t\t\t\t\t\t\t\t\t\t\t<\/div>\n\t\t\t\t<\/div>\n\t\t\t\t<\/div>\n\t\t\t\t\t\t<\/div>\n\t\t\t\t\t<\/div>\n\t\t<\/div>\n\t\t\t\t<div class=\"elementor-column elementor-col-33 elementor-top-column elementor-element elementor-element-9aa6360\" data-id=\"9aa6360\" data-element_type=\"column\">\n\t\t\t<div class=\"elementor-column-wrap elementor-element-populated\">\n\t\t\t\t\t\t\t<div class=\"elementor-widget-wrap\">\n\t\t\t\t\t\t<div class=\"elementor-element elementor-element-a8780a6 elementor-widget elementor-widget-image\" data-id=\"a8780a6\" data-element_type=\"widget\" data-widget_type=\"image.default\">\n\t\t\t\t<div class=\"elementor-widget-container\">\n\t\t\t\t\t<div class=\"elementor-image\">\n\t\t\t\t\t\t\t\t\t\t\t<a href=\"http:\/\/www.bmlfuw.gv.at\/land\/laendl_entwicklung.html\" target=\"_blank\">\n\t\t\t\t\t\t\t<img loading=\"lazy\" width=\"512\" height=\"256\" src=\"https:\/\/museum-murtal.at\/wp-content\/uploads\/2020\/09\/foerder02.jpg\" class=\"attachment-large size-large\" alt=\"\" decoding=\"async\" srcset=\"https:\/\/museum-murtal.at\/wp-content\/uploads\/2020\/09\/foerder02.jpg 512w, https:\/\/museum-murtal.at\/wp-content\/uploads\/2020\/09\/foerder02-300x150.jpg 300w\" sizes=\"(max-width: 512px) 100vw, 512px\" \/>\t\t\t\t\t\t\t\t<\/a>\n\t\t\t\t\t\t\t\t\t\t\t<\/div>\n\t\t\t\t<\/div>\n\t\t\t\t<\/div>\n\t\t\t\t\t\t<\/div>\n\t\t\t\t\t<\/div>\n\t\t<\/div>\n\t\t\t\t<div class=\"elementor-column elementor-col-33 elementor-top-column elementor-element elementor-element-3710e44\" data-id=\"3710e44\" data-element_type=\"column\">\n\t\t\t<div class=\"elementor-column-wrap elementor-element-populated\">\n\t\t\t\t\t\t\t<div class=\"elementor-widget-wrap\">\n\t\t\t\t\t\t<div class=\"elementor-element elementor-element-5e8e341 elementor-widget elementor-widget-image\" data-id=\"5e8e341\" data-element_type=\"widget\" data-widget_type=\"image.default\">\n\t\t\t\t<div class=\"elementor-widget-container\">\n\t\t\t\t\t<div class=\"elementor-image\">\n\t\t\t\t\t\t\t\t\t\t\t<a href=\"https:\/\/www.bmlrt.gv.at\/land\/laendl_entwicklung.html\" target=\"_blank\">\n\t\t\t\t\t\t\t<img loading=\"lazy\" width=\"512\" height=\"256\" src=\"https:\/\/museum-murtal.at\/wp-content\/uploads\/2020\/09\/foerder03.jpg\" class=\"attachment-large size-large\" alt=\"\" decoding=\"async\" srcset=\"https:\/\/museum-murtal.at\/wp-content\/uploads\/2020\/09\/foerder03.jpg 512w, https:\/\/museum-murtal.at\/wp-content\/uploads\/2020\/09\/foerder03-300x150.jpg 300w\" sizes=\"(max-width: 512px) 100vw, 512px\" \/>\t\t\t\t\t\t\t\t<\/a>\n\t\t\t\t\t\t\t\t\t\t\t<\/div>\n\t\t\t\t<\/div>\n\t\t\t\t<\/div>\n\t\t\t\t\t\t<\/div>\n\t\t\t\t\t<\/div>\n\t\t<\/div>\n\t\t\t\t\t\t\t\t<\/div>\n\t\t\t\t\t<\/div>\n\t\t<\/section>\n\t\t\t\t<section class=\"elementor-section elementor-top-section elementor-element elementor-element-4193b8b elementor-section-boxed elementor-section-height-default elementor-section-height-default\" data-id=\"4193b8b\" data-element_type=\"section\">\n\t\t\t\t\t\t<div class=\"elementor-container elementor-column-gap-default\">\n\t\t\t\t\t\t\t<div class=\"elementor-row\">\n\t\t\t\t\t<div class=\"elementor-column elementor-col-33 elementor-top-column elementor-element elementor-element-c672295\" data-id=\"c672295\" data-element_type=\"column\">\n\t\t\t<div class=\"elementor-column-wrap elementor-element-populated\">\n\t\t\t\t\t\t\t<div class=\"elementor-widget-wrap\">\n\t\t\t\t\t\t<div class=\"elementor-element elementor-element-7e507a0 elementor-widget elementor-widget-image\" data-id=\"7e507a0\" data-element_type=\"widget\" data-widget_type=\"image.default\">\n\t\t\t\t<div class=\"elementor-widget-container\">\n\t\t\t\t\t<div class=\"elementor-image\">\n\t\t\t\t\t\t\t\t\t\t\t<a href=\"http:\/\/www.landesentwicklung.steiermark.at\/cms\/beitrag\/12651814\/141980347\/\" target=\"_blank\">\n\t\t\t\t\t\t\t<img loading=\"lazy\" width=\"512\" height=\"256\" src=\"https:\/\/museum-murtal.at\/wp-content\/uploads\/2020\/09\/foerder04-1.jpg\" class=\"attachment-large size-large\" alt=\"\" decoding=\"async\" srcset=\"https:\/\/museum-murtal.at\/wp-content\/uploads\/2020\/09\/foerder04-1.jpg 512w, https:\/\/museum-murtal.at\/wp-content\/uploads\/2020\/09\/foerder04-1-300x150.jpg 300w\" sizes=\"(max-width: 512px) 100vw, 512px\" \/>\t\t\t\t\t\t\t\t<\/a>\n\t\t\t\t\t\t\t\t\t\t\t<\/div>\n\t\t\t\t<\/div>\n\t\t\t\t<\/div>\n\t\t\t\t\t\t<\/div>\n\t\t\t\t\t<\/div>\n\t\t<\/div>\n\t\t\t\t<div class=\"elementor-column elementor-col-33 elementor-top-column elementor-element elementor-element-200de23\" data-id=\"200de23\" data-element_type=\"column\">\n\t\t\t<div class=\"elementor-column-wrap elementor-element-populated\">\n\t\t\t\t\t\t\t<div class=\"elementor-widget-wrap\">\n\t\t\t\t\t\t<div class=\"elementor-element elementor-element-590d0c5 elementor-widget elementor-widget-image\" data-id=\"590d0c5\" data-element_type=\"widget\" data-widget_type=\"image.default\">\n\t\t\t\t<div class=\"elementor-widget-container\">\n\t\t\t\t\t<div class=\"elementor-image\">\n\t\t\t\t\t\t\t\t\t\t\t<a href=\"https:\/\/www.landesentwicklung.steiermark.at\/\" target=\"_blank\">\n\t\t\t\t\t\t\t<img loading=\"lazy\" width=\"512\" height=\"256\" src=\"https:\/\/museum-murtal.at\/wp-content\/uploads\/2020\/09\/foerder05.jpg\" class=\"attachment-large size-large\" alt=\"\" decoding=\"async\" srcset=\"https:\/\/museum-murtal.at\/wp-content\/uploads\/2020\/09\/foerder05.jpg 512w, https:\/\/museum-murtal.at\/wp-content\/uploads\/2020\/09\/foerder05-300x150.jpg 300w\" sizes=\"(max-width: 512px) 100vw, 512px\" \/>\t\t\t\t\t\t\t\t<\/a>\n\t\t\t\t\t\t\t\t\t\t\t<\/div>\n\t\t\t\t<\/div>\n\t\t\t\t<\/div>\n\t\t\t\t\t\t<\/div>\n\t\t\t\t\t<\/div>\n\t\t<\/div>\n\t\t\t\t<div class=\"elementor-column elementor-col-33 elementor-top-column elementor-element elementor-element-3b4c3bb\" data-id=\"3b4c3bb\" data-element_type=\"column\">\n\t\t\t<div class=\"elementor-column-wrap elementor-element-populated\">\n\t\t\t\t\t\t\t<div class=\"elementor-widget-wrap\">\n\t\t\t\t\t\t<div class=\"elementor-element elementor-element-8d7663c elementor-widget elementor-widget-image\" data-id=\"8d7663c\" data-element_type=\"widget\" data-widget_type=\"image.default\">\n\t\t\t\t<div class=\"elementor-widget-container\">\n\t\t\t\t\t<div class=\"elementor-image\">\n\t\t\t\t\t\t\t\t\t\t\t<a href=\"http:\/\/ec.europa.eu\/agriculture\/rural-development-2014-2020\/index_de.htm\" target=\"_blank\">\n\t\t\t\t\t\t\t<img loading=\"lazy\" width=\"512\" height=\"256\" src=\"https:\/\/museum-murtal.at\/wp-content\/uploads\/2020\/09\/foerder06.jpg\" class=\"attachment-large size-large\" alt=\"\" decoding=\"async\" srcset=\"https:\/\/museum-murtal.at\/wp-content\/uploads\/2020\/09\/foerder06.jpg 512w, https:\/\/museum-murtal.at\/wp-content\/uploads\/2020\/09\/foerder06-300x150.jpg 300w\" sizes=\"(max-width: 512px) 100vw, 512px\" \/>\t\t\t\t\t\t\t\t<\/a>\n\t\t\t\t\t\t\t\t\t\t\t<\/div>\n\t\t\t\t<\/div>\n\t\t\t\t<\/div>\n\t\t\t\t\t\t<\/div>\n\t\t\t\t\t<\/div>\n\t\t<\/div>\n\t\t\t\t\t\t\t\t<\/div>\n\t\t\t\t\t<\/div>\n\t\t<\/section>\n\t\t\t\t\t\t<\/div>\n\t\t\t\t\t\t<\/div>\n\t\t\t\t\t<\/div>\n\t\t","protected":false},"excerpt":{"rendered":"<p>F\u00f6rderung Verlinkungen lt. den Publizit\u00e4tsbestimmungen bei F\u00f6rderungen aus dem \u00f6sterreichischen Programm f\u00fcr l\u00e4ndliche Entwicklung 2014 bis 2020:<\/p>\n","protected":false},"author":1,"featured_media":0,"parent":0,"menu_order":0,"comment_status":"closed","ping_status":"closed","template":"elementor_header_footer","meta":{"footnotes":""},"_links":{"self":[{"href":"https:\/\/museum-murtal.at\/index.php?rest_route=\/wp\/v2\/pages\/5376"}],"collection":[{"href":"https:\/\/museum-murtal.at\/index.php?rest_route=\/wp\/v2\/pages"}],"about":[{"href":"https:\/\/museum-murtal.at\/index.php?rest_route=\/wp\/v2\/types\/page"}],"author":[{"embeddable":true,"href":"https:\/\/museum-murtal.at\/index.php?rest_route=\/wp\/v2\/users\/1"}],"replies":[{"embeddable":true,"href":"https:\/\/museum-murtal.at\/index.php?rest_route=%2Fwp%2Fv2%2Fcomments&post=5376"}],"version-history":[{"count":3,"href":"https:\/\/museum-murtal.at\/index.php?rest_route=\/wp\/v2\/pages\/5376\/revisions"}],"predecessor-version":[{"id":5379,"href":"https:\/\/museum-murtal.at\/index.php?rest_route=\/wp\/v2\/pages\/5376\/revisions\/5379"}],"wp:attachment":[{"href":"https:\/\/museum-murtal.at\/index.php?rest_route=%2Fwp%2Fv2%2Fmedia&parent=5376"}],"curies":[{"name":"wp","href":"https:\/\/api.w.org\/{rel}","templated":true}]}}