{"id":425,"date":"2019-01-16T08:24:10","date_gmt":"2019-01-16T08:24:10","guid":{"rendered":"http:\/\/demo.ovathemes.com\/muzze\/?page_id=425"},"modified":"2024-11-27T15:23:22","modified_gmt":"2024-11-27T15:23:22","slug":"contact","status":"publish","type":"page","link":"https:\/\/museum-murtal.at\/?page_id=425","title":{"rendered":"Contact"},"content":{"rendered":"\t\t<div data-elementor-type=\"wp-post\" data-elementor-id=\"425\" class=\"elementor elementor-425\" data-elementor-settings=\"[]\">\n\t\t\t\t\t\t<div class=\"elementor-inner\">\n\t\t\t\t\t\t\t<div class=\"elementor-section-wrap\">\n\t\t\t\t\t\t\t<section class=\"elementor-section elementor-top-section elementor-element elementor-element-54bf4fe elementor-section-full_width elementor-section-height-default elementor-section-height-default\" data-id=\"54bf4fe\" data-element_type=\"section\">\n\t\t\t\t\t\t<div class=\"elementor-container elementor-column-gap-default\">\n\t\t\t\t\t\t\t<div class=\"elementor-row\">\n\t\t\t\t\t<div class=\"elementor-column elementor-col-100 elementor-top-column elementor-element elementor-element-c566220\" data-id=\"c566220\" data-element_type=\"column\">\n\t\t\t<div class=\"elementor-column-wrap elementor-element-populated\">\n\t\t\t\t\t\t\t<div class=\"elementor-widget-wrap\">\n\t\t\t\t\t\t<div class=\"elementor-element elementor-element-1e0d5f1 elementor-widget elementor-widget-ova_heading_page\" data-id=\"1e0d5f1\" data-element_type=\"widget\" data-widget_type=\"ova_heading_page.default\">\n\t\t\t\t<div class=\"elementor-widget-container\">\n\t\t\t\n\t\t<section class=\"heading-page\" style=\"background-image: url(https:\/\/museum-murtal.at\/wp-content\/uploads\/2019\/10\/helm.jpg)\" >\n\t\t\t<div class=\"container\">\n\t\t\t\t<div class=\"cta-content\">\n\t\t\t\t\t\t\t\t\t\t\t<h2 class=\"second_font\">Kontakt<\/h2>\n\t\t\t\t\t\t\t\t\t\t\n\t\t\t\t<\/div>\n\t\t\t<\/div>\n\t\t<\/section>\n\n\t\t\t<\/div>\n\t\t\t\t<\/div>\n\t\t\t\t\t\t<\/div>\n\t\t\t\t\t<\/div>\n\t\t<\/div>\n\t\t\t\t\t\t\t\t<\/div>\n\t\t\t\t\t<\/div>\n\t\t<\/section>\n\t\t\t\t<section class=\"elementor-section elementor-top-section elementor-element elementor-element-c84f15d elementor-section-boxed elementor-section-height-default elementor-section-height-default\" data-id=\"c84f15d\" data-element_type=\"section\">\n\t\t\t\t\t\t<div class=\"elementor-container elementor-column-gap-default\">\n\t\t\t\t\t\t\t<div class=\"elementor-row\">\n\t\t\t\t\t<div class=\"elementor-column elementor-col-100 elementor-top-column elementor-element elementor-element-b39b5dd\" data-id=\"b39b5dd\" data-element_type=\"column\">\n\t\t\t<div class=\"elementor-column-wrap elementor-element-populated\">\n\t\t\t\t\t\t\t<div class=\"elementor-widget-wrap\">\n\t\t\t\t\t\t<div class=\"elementor-element elementor-element-11ce12d elementor-widget elementor-widget-ova_heading\" data-id=\"11ce12d\" data-element_type=\"widget\" data-widget_type=\"ova_heading.default\">\n\t\t\t\t<div class=\"elementor-widget-container\">\n\t\t\t\t\t<div class=\"ova_heading\">\n\t\t\t\t\t\t\t<h1 class=\"heading_title second_font\">Kontaktieren Sie uns<\/h1>\n\t\t\t\t\t\t\t\t<\/div>\n\t\t\t\t<\/div>\n\t\t\t\t<\/div>\n\t\t\t\t<div class=\"elementor-element elementor-element-310b6e1 line-height-32 elementor-widget elementor-widget-text-editor\" data-id=\"310b6e1\" data-element_type=\"widget\" data-widget_type=\"text-editor.default\">\n\t\t\t\t<div class=\"elementor-widget-container\">\n\t\t\t\t\t<div class=\"elementor-text-editor elementor-clearfix\"><p><span style=\"color: #888888;\">Wir sind sehr gerne jederzeit f\u00fcr Sie und Ihre Anliegen da &#8211; z\u00f6gern Sie nicht, uns zu kontaktieren!<\/span><\/p><\/div>\n\t\t\t\t<\/div>\n\t\t\t\t<\/div>\n\t\t\t\t\t\t<\/div>\n\t\t\t\t\t<\/div>\n\t\t<\/div>\n\t\t\t\t\t\t\t\t<\/div>\n\t\t\t\t\t<\/div>\n\t\t<\/section>\n\t\t\t\t<section class=\"elementor-section elementor-top-section elementor-element elementor-element-e58ec9e elementor-section-boxed elementor-section-height-default elementor-section-height-default\" data-id=\"e58ec9e\" data-element_type=\"section\">\n\t\t\t\t\t\t<div class=\"elementor-container elementor-column-gap-default\">\n\t\t\t\t\t\t\t<div class=\"elementor-row\">\n\t\t\t\t\t<div class=\"elementor-column elementor-col-33 elementor-top-column elementor-element elementor-element-5ab6dec\" data-id=\"5ab6dec\" data-element_type=\"column\">\n\t\t\t<div class=\"elementor-column-wrap elementor-element-populated\">\n\t\t\t\t\t\t\t<div class=\"elementor-widget-wrap\">\n\t\t\t\t\t\t<div class=\"elementor-element elementor-element-ce4e6d4 elementor-widget elementor-widget-ova_info\" data-id=\"ce4e6d4\" data-element_type=\"widget\" data-widget_type=\"ova_info.default\">\n\t\t\t\t<div class=\"elementor-widget-container\">\n\t\t\t\t<div class=\"ova_info\">\n\t\t\t\t\n\t\t\t\t\t<div class=\"ova_info_contact\">\n\t\t\t\t\t\t\t\t\t<h3 class=\"title second_font\">\u00d6ffnungszeiten<\/h3>\n\t\t\t\t\t\t\t\t\t\t\t\t\t<h4 class=\"sub-title\" >Mi - Fr 10:00\u201315:00 Uhr<\/h4>\n\t\t\t\t\t\t\t\t<div class=\"info-contact\">\n\t\t\t\t\t\t\t\t\t\t\t<a href=\"tel:Sa-So: 11:00-  16:00 Uhr\" class=\"phone\">Sa-So: 11:00-  16:00 Uhr<\/a>\n\t\t\t\t\t\n\t\t\t\t\t\t\t\t\t<\/div>\n\t\t\t<\/div>\n\t\t\t<\/div>\n\t\t\t<\/div>\n\t\t\t\t<\/div>\n\t\t\t\t<div class=\"elementor-element elementor-element-47f3362 elementor-widget elementor-widget-ova_info\" data-id=\"47f3362\" data-element_type=\"widget\" data-widget_type=\"ova_info.default\">\n\t\t\t\t<div class=\"elementor-widget-container\">\n\t\t\t\t<div class=\"ova_info\">\n\t\t\t\t\n\t\t\t\t\t<div class=\"ova_info_contact\">\n\t\t\t\t\t\t\t\t\t<h3 class=\"title second_font\">Adresse:<\/h3>\n\t\t\t\t\t\t\t\t\t\t\t\t\t<h4 class=\"sub-title\" >Herrengasse 12, 8750 Judenburg<\/h4>\n\t\t\t\t\t\t\t\t<div class=\"info-contact\">\n\t\t\t\t\t\t\t\t\t\t\t<a href=\"tel:03572 \/ 20 3 88\" class=\"phone\">03572 \/ 20 3 88<\/a>\n\t\t\t\t\t\n\t\t\t\t\t\t\t\t\t\t\t<a class=\"email\" href=\"mailto:info@museum-murtal.at\">info@museum-murtal.at<\/a>\n\t\t\t\t\t\t\t\t\t<\/div>\n\t\t\t<\/div>\n\t\t\t<\/div>\n\t\t\t<\/div>\n\t\t\t\t<\/div>\n\t\t\t\t<div class=\"elementor-element elementor-element-3320e1d elementor-widget elementor-widget-ova_social\" data-id=\"3320e1d\" data-element_type=\"widget\" data-widget_type=\"ova_social.default\">\n\t\t\t\t<div class=\"elementor-widget-container\">\n\t\t\t\t\t<div class=\"ova_social ova-framework-social-icons-wrapper\">\n\t\t\t\t\t\t\t<h3 class=\"title second_font\">Social Connect<\/h3>\n\t\t\t\t\t\t<div class=\"content\">\n\t\t\t\t\n\t\t\t\t\t\t\t\t\t\t<a class=\"ova-framework-icon ova-framework-social-icon ova-framework-social-icon-facebook\" style=\" color: #fff; background-color: #c8c9cb\" href=\"https:\/\/www.facebook.com\/MuseumMurtal\/\" target=\"_blank\">\n\t\t\t\t\t\t<span class=\"ova-framework-screen-only\">Facebook<\/span>\n\t\t\t\t\t\t<i class=\"fa fa-facebook\" style=\"\"><\/i>\n\t\t\t\t\t<\/a>\n\t\t\t\t\n\t\t\t\t\t\t\t\t\t\t<a class=\"ova-framework-icon ova-framework-social-icon ova-framework-social-icon-instagram\" style=\" color: #fff; background-color: #c8c9cb\" href=\"https:\/\/www.instagram.com\/museummurtal\/\" target=\"_blank\">\n\t\t\t\t\t\t<span class=\"ova-framework-screen-only\">Instagram<\/span>\n\t\t\t\t\t\t<i class=\"fa fa-instagram\" style=\"\"><\/i>\n\t\t\t\t\t<\/a>\n\t\t\t\t\t\t\t<\/div>\n\t\t\t<!-- end .content -->\n\t\t<\/div>\n\t\t\t\t<\/div>\n\t\t\t\t<\/div>\n\t\t\t\t\t\t<\/div>\n\t\t\t\t\t<\/div>\n\t\t<\/div>\n\t\t\t\t<div class=\"elementor-column elementor-col-66 elementor-top-column elementor-element elementor-element-480cb6b\" data-id=\"480cb6b\" data-element_type=\"column\">\n\t\t\t<div class=\"elementor-column-wrap elementor-element-populated\">\n\t\t\t\t\t\t\t<div class=\"elementor-widget-wrap\">\n\t\t\t\t\t\t<div class=\"elementor-element elementor-element-a4e42bb elementor-widget elementor-widget-shortcode\" data-id=\"a4e42bb\" data-element_type=\"widget\" data-widget_type=\"shortcode.default\">\n\t\t\t\t<div class=\"elementor-widget-container\">\n\t\t\t\t\t<div class=\"elementor-shortcode\">\n<div class=\"wpcf7 no-js\" id=\"wpcf7-f430-o1\" lang=\"en-US\" dir=\"ltr\">\n<div class=\"screen-reader-response\"><p role=\"status\" aria-live=\"polite\" aria-atomic=\"true\"><\/p> <ul><\/ul><\/div>\n<form action=\"\/index.php?rest_route=%2Fwp%2Fv2%2Fpages%2F425#wpcf7-f430-o1\" method=\"post\" class=\"wpcf7-form init\" aria-label=\"Contact form\" novalidate=\"novalidate\" data-status=\"init\">\n<div style=\"display: none;\">\n<input type=\"hidden\" name=\"_wpcf7\" value=\"430\" \/>\n<input type=\"hidden\" name=\"_wpcf7_version\" value=\"5.9.8\" \/>\n<input type=\"hidden\" name=\"_wpcf7_locale\" value=\"en_US\" \/>\n<input type=\"hidden\" name=\"_wpcf7_unit_tag\" value=\"wpcf7-f430-o1\" \/>\n<input type=\"hidden\" name=\"_wpcf7_container_post\" value=\"0\" \/>\n<input type=\"hidden\" name=\"_wpcf7_posted_data_hash\" value=\"\" \/>\n<\/div>\n<div class=\"ova-ctf7-contact-us-page\">\n\t<div class=\"name\">\n\t\t<p><span class=\"wpcf7-form-control-wrap\" data-name=\"your-name\"><input size=\"40\" maxlength=\"400\" class=\"wpcf7-form-control wpcf7-text wpcf7-validates-as-required\" aria-required=\"true\" aria-invalid=\"false\" placeholder=\"Ihr Name\" value=\"\" type=\"text\" name=\"your-name\" \/><\/span>\n\t\t<\/p>\n\t<\/div>\n\t<p><span id=\"wpcf7-69f4fa6eb9075-wrapper\" class=\"wpcf7-form-control-wrap honeypot-632-wrap\" style=\"display:none !important; visibility:hidden !important;\"><input type=\"hidden\" name=\"honeypot-632-time-start\" value=\"1777662574\"><input type=\"hidden\" name=\"honeypot-632-time-check\" value=\"2\"><label for=\"mypot112\" class=\"hp-message\">Please leave this field empty.<\/label><input id=\"mypot112\"  class=\"wpcf7-form-control wpcf7-text\" type=\"text\" name=\"honeypot-632\" value=\"\" size=\"40\" tabindex=\"-1\" autocomplete=\"off\" \/><\/span>\n\t<\/p>\n\t<div class=\"email\">\n\t\t<p><span class=\"wpcf7-form-control-wrap\" data-name=\"your-email\"><input size=\"40\" maxlength=\"400\" class=\"wpcf7-form-control wpcf7-email wpcf7-validates-as-required wpcf7-text wpcf7-validates-as-email\" aria-required=\"true\" aria-invalid=\"false\" placeholder=\"Ihre Email Adresse\" value=\"\" type=\"email\" name=\"your-email\" \/><\/span>\n\t\t<\/p>\n\t<\/div>\n\t<p><span id=\"wpcf7-69f4fa6eb90b7-wrapper\" class=\"wpcf7-form-control-wrap anfrage-1211-wrap\" style=\"display:none !important; visibility:hidden !important;\"><input type=\"hidden\" name=\"anfrage-1211-time-start\" value=\"1777662574\"><input type=\"hidden\" name=\"anfrage-1211-time-check\" value=\"2\"><label for=\"wpcf7-69f4fa6eb90b7-field\" class=\"hp-message\">Please leave this field empty.<\/label><input id=\"wpcf7-69f4fa6eb90b7-field\"  class=\"wpcf7-form-control wpcf7-text\" type=\"text\" name=\"anfrage-1211\" value=\"\" size=\"40\" tabindex=\"-1\" autocomplete=\"new-password\" \/><\/span>\n\t<\/p>\n\t<div class=\"title\">\n\t\t<p><span class=\"wpcf7-form-control-wrap\" data-name=\"your-subject\"><input size=\"40\" maxlength=\"400\" class=\"wpcf7-form-control wpcf7-text\" aria-invalid=\"false\" placeholder=\"Betreff\" value=\"\" type=\"text\" name=\"your-subject\" \/><\/span>\n\t\t<\/p>\n\t<\/div>\n\t<div class=\"content\">\n\t\t<p><span class=\"wpcf7-form-control-wrap\" data-name=\"your-message\"><textarea cols=\"40\" rows=\"10\" maxlength=\"2000\" class=\"wpcf7-form-control wpcf7-textarea\" aria-invalid=\"false\" placeholder=\"Ihre Nachricht...\" name=\"your-message\"><\/textarea><\/span>\n\t\t<\/p>\n\t<\/div>\n\t<p>[cf7ic]\n\t<\/p>\n\t<p><span id=\"wpcf7-69f4fa6eb9120-wrapper\" class=\"wpcf7-form-control-wrap mail-wrap\" style=\"display:none !important; visibility:hidden !important;\"><input type=\"hidden\" name=\"mail-time-start\" value=\"1777662574\"><input type=\"hidden\" name=\"mail-time-check\" value=\"2\"><label for=\"wpcf7-69f4fa6eb9120-field\" class=\"hp-message\">Please leave this field empty.<\/label><input id=\"wpcf7-69f4fa6eb9120-field\"  class=\"wpcf7-form-control wpcf7-text\" type=\"text\" name=\"mail\" value=\"\" size=\"40\" tabindex=\"-1\" autocomplete=\"new-password\" \/><\/span>\n\t<\/p>\n\t<p><span id=\"wpcf7-69f4fa6eb9134-wrapper\" class=\"wpcf7-form-control-wrap comment-wrap\" style=\"display:none !important; visibility:hidden !important;\"><input type=\"hidden\" name=\"comment-time-start\" value=\"1777662574\"><input type=\"hidden\" name=\"comment-time-check\" value=\"2\"><label for=\"wpcf7-69f4fa6eb9134-field\" class=\"hp-message\">Please leave this field empty.<\/label><input id=\"wpcf7-69f4fa6eb9134-field\"  class=\"wpcf7-form-control wpcf7-text\" type=\"text\" name=\"comment\" value=\"\" size=\"40\" tabindex=\"-1\" autocomplete=\"new-password\" \/><\/span>\n\t<\/p>\n\t<p><span id=\"wpcf7-69f4fa6eb914b-wrapper\" class=\"wpcf7-form-control-wrap honeypot-767-wrap\" style=\"display:none !important; visibility:hidden !important;\"><input type=\"hidden\" name=\"honeypot-767-time-start\" value=\"1777662574\"><input type=\"hidden\" name=\"honeypot-767-time-check\" value=\"2\"><label for=\"wpcf7-69f4fa6eb914b-field\" class=\"hp-message\">Please leave this field empty.<\/label><input id=\"wpcf7-69f4fa6eb914b-field\"  class=\"wpcf7-form-control wpcf7-text\" type=\"text\" name=\"honeypot-767\" value=\"\" size=\"40\" tabindex=\"-1\" autocomplete=\"new-password\" \/><\/span>\n\t<\/p>\n\t<p><span class=\"wpcf7-form-control-wrap\" data-name=\"acceptance-72\"><span class=\"wpcf7-form-control wpcf7-acceptance\"><span class=\"wpcf7-list-item\"><label><input type=\"checkbox\" name=\"acceptance-72\" value=\"1\" aria-invalid=\"false\" \/><span class=\"wpcf7-list-item-label\">Ich willige in die Verarbeitung meiner Daten zur Bearbeitung der Anfrage ein. Wenn es zur Beantwortung notwendig ist, darf die Anfrage an die zust\u00e4ndige Stelle weitergeleitet werden. Diese Einwilligung kann jederzeit mit Wirkung f\u00fcr die Zukunft beschr\u00e4nkt oder widerrufen werden. \u00dcbermittlungen, die bis zum Zeitpunkt des Widerrufs get\u00e4tigt wurden, bleiben davon unber\u00fchrt. Weitere Informationen und Widerrufshinweise finden Sie in der Datenschutzerkl\u00e4rung.<\/span><\/label><\/span><\/span><\/span>\n\t<\/p>\n\t<div class=\"submit\">\n\t\t<p><input class=\"wpcf7-form-control wpcf7-submit has-spinner\" type=\"submit\" value=\"NACHRICHT SENDEN\" \/>\n\t\t<\/p>\n\t<\/div>\n<\/div><div class=\"wpcf7-response-output\" aria-hidden=\"true\"><\/div>\n<\/form>\n<\/div>\n<\/div>\n\t\t\t\t<\/div>\n\t\t\t\t<\/div>\n\t\t\t\t\t\t<\/div>\n\t\t\t\t\t<\/div>\n\t\t<\/div>\n\t\t\t\t\t\t\t\t<\/div>\n\t\t\t\t\t<\/div>\n\t\t<\/section>\n\t\t\t\t<section class=\"elementor-section elementor-top-section elementor-element elementor-element-e5f8f3f elementor-section-full_width elementor-section-height-default elementor-section-height-default\" data-id=\"e5f8f3f\" data-element_type=\"section\">\n\t\t\t\t\t\t<div class=\"elementor-container elementor-column-gap-default\">\n\t\t\t\t\t\t\t<div class=\"elementor-row\">\n\t\t\t\t\t<div class=\"elementor-column elementor-col-100 elementor-top-column elementor-element elementor-element-0948764\" data-id=\"0948764\" data-element_type=\"column\">\n\t\t\t<div class=\"elementor-column-wrap elementor-element-populated\">\n\t\t\t\t\t\t\t<div class=\"elementor-widget-wrap\">\n\t\t\t\t\t\t<div class=\"elementor-element elementor-element-98c8d8e elementor-widget elementor-widget-google_maps\" data-id=\"98c8d8e\" data-element_type=\"widget\" data-widget_type=\"google_maps.default\">\n\t\t\t\t<div class=\"elementor-widget-container\">\n\t\t\t<div class=\"elementor-custom-embed\"><iframe frameborder=\"0\" scrolling=\"no\" marginheight=\"0\" marginwidth=\"0\" src=\"https:\/\/maps.google.com\/maps?q=Herrengasse%2012%2C%208750%20Judenburg&amp;t=m&amp;z=17&amp;output=embed&amp;iwloc=near\" title=\"Herrengasse 12, 8750 Judenburg\" aria-label=\"Herrengasse 12, 8750 Judenburg\"><\/iframe><\/div>\t\t<\/div>\n\t\t\t\t<\/div>\n\t\t\t\t\t\t<\/div>\n\t\t\t\t\t<\/div>\n\t\t<\/div>\n\t\t\t\t\t\t\t\t<\/div>\n\t\t\t\t\t<\/div>\n\t\t<\/section>\n\t\t\t\t\t\t<\/div>\n\t\t\t\t\t\t<\/div>\n\t\t\t\t\t<\/div>\n\t\t","protected":false},"excerpt":{"rendered":"<p>Kontakt Kontaktieren Sie uns Wir sind sehr gerne jederzeit f\u00fcr Sie und Ihre Anliegen da &#8211; z\u00f6gern Sie nicht, uns zu kontaktieren! \u00d6ffnungszeiten Mi &#8211; Fr 10:00\u201315:00 Uhr Sa-So: 11:00- 16:00 Uhr Adresse: Herrengasse 12, 8750 Judenburg 03572 \/ 20 3 88 info@museum-murtal.at Social Connect Facebook Instagram<\/p>\n","protected":false},"author":1,"featured_media":0,"parent":0,"menu_order":0,"comment_status":"closed","ping_status":"closed","template":"elementor_header_footer","meta":{"footnotes":""},"_links":{"self":[{"href":"https:\/\/museum-murtal.at\/index.php?rest_route=\/wp\/v2\/pages\/425"}],"collection":[{"href":"https:\/\/museum-murtal.at\/index.php?rest_route=\/wp\/v2\/pages"}],"about":[{"href":"https:\/\/museum-murtal.at\/index.php?rest_route=\/wp\/v2\/types\/page"}],"author":[{"embeddable":true,"href":"https:\/\/museum-murtal.at\/index.php?rest_route=\/wp\/v2\/users\/1"}],"replies":[{"embeddable":true,"href":"https:\/\/museum-murtal.at\/index.php?rest_route=%2Fwp%2Fv2%2Fcomments&post=425"}],"version-history":[{"count":9,"href":"https:\/\/museum-murtal.at\/index.php?rest_route=\/wp\/v2\/pages\/425\/revisions"}],"predecessor-version":[{"id":5759,"href":"https:\/\/museum-murtal.at\/index.php?rest_route=\/wp\/v2\/pages\/425\/revisions\/5759"}],"wp:attachment":[{"href":"https:\/\/museum-murtal.at\/index.php?rest_route=%2Fwp%2Fv2%2Fmedia&parent=425"}],"curies":[{"name":"wp","href":"https:\/\/api.w.org\/{rel}","templated":true}]}}