{"id":3,"date":"2019-09-24T14:07:11","date_gmt":"2019-09-24T14:07:11","guid":{"rendered":"http:\/\/museum-murtal.at\/?page_id=3"},"modified":"2022-08-29T14:09:56","modified_gmt":"2022-08-29T14:09:56","slug":"privacy-policy-2","status":"publish","type":"page","link":"https:\/\/museum-murtal.at\/?page_id=3","title":{"rendered":"Impressum &#038; Datenschutzerkl\u00e4rung"},"content":{"rendered":"\t\t<div data-elementor-type=\"wp-page\" data-elementor-id=\"3\" class=\"elementor elementor-3\" data-elementor-settings=\"[]\">\n\t\t\t\t\t\t<div class=\"elementor-inner\">\n\t\t\t\t\t\t\t<div class=\"elementor-section-wrap\">\n\t\t\t\t\t\t\t<section class=\"elementor-section elementor-top-section elementor-element elementor-element-54d901a5 elementor-section-boxed elementor-section-height-default elementor-section-height-default\" data-id=\"54d901a5\" data-element_type=\"section\">\n\t\t\t\t\t\t<div class=\"elementor-container elementor-column-gap-default\">\n\t\t\t\t\t\t\t<div class=\"elementor-row\">\n\t\t\t\t\t<div class=\"elementor-column elementor-col-100 elementor-top-column elementor-element elementor-element-7cb8513e\" data-id=\"7cb8513e\" data-element_type=\"column\">\n\t\t\t<div class=\"elementor-column-wrap elementor-element-populated\">\n\t\t\t\t\t\t\t<div class=\"elementor-widget-wrap\">\n\t\t\t\t\t\t<div class=\"elementor-element elementor-element-7947a600 elementor-widget elementor-widget-text-editor\" data-id=\"7947a600\" data-element_type=\"widget\" data-widget_type=\"text-editor.default\">\n\t\t\t\t<div class=\"elementor-widget-container\">\n\t\t\t\t\t<div class=\"elementor-text-editor elementor-clearfix\"><h1>Impressum<\/h1><p>Informationspflicht laut \u00a75 E-Commerce Gesetz, \u00a714 Unternehmensgesetzbuch, \u00a763 Gewerbeordnung und Offenlegungspflicht laut \u00a725 Mediengesetz.<\/p><h5><b>Arbeitskreis Falkenberg<span style=\"font-size: 28.8px;\"><br \/><\/span><\/b><b style=\"font-family: Archivo; font-size: 16px; letter-spacing: 0.2px;\"><i>Verein zur Erforschung des F\u00fcrstensitzes Judenburg-Strettweg und der Bronze- und Eisenzeit im oberen Murtal<\/i><\/b><\/h5><p>Herrengasse 12<br \/><span style=\"letter-spacing: 0.2px;\">8750 Judenburg<br \/>ZVR:\u00a0<\/span><span style=\"font-family: Calibri, sans-serif; font-size: 12pt; letter-spacing: 0.2px;\">318628869<\/span><\/p><p><b style=\"letter-spacing: 0.2px;\"><br \/>Organschaftliche Vertreter<\/b><\/p><p>Obmann: Dr. Franz Bachmann<br \/>Obmann-Stellvertreterin: Lucia Titze, MA<\/p><p>Email: <a href=\"mailto:info@museum-murtal.at\">info@museum-murtal.at<\/a><\/p><p><strong>Vereinssitz:<\/strong> 8750 Judenburg<br \/><strong>Tel.:<\/strong> 03572 \/ 20 3 88<br \/><strong>E-Mail:<\/strong> <a href=\"mailto:office@museum-murtal.at\">office@museum-murtal.at<\/a><\/p><p><strong>Vereinszweck:<\/strong>\u00a0<\/p><p style=\"margin-top: 15px;\"><span style=\"letter-spacing: 0.2px;\">Unterst\u00fctzung arch\u00e4ologischer Forschung in der Region Murau-Murtal, Betrieb des Museums Murtal : Arch\u00e4ologie der Region<\/span><\/p><p style=\"margin-top: 15px;\">\u00a0<\/p><p style=\"margin-top: 15px;\">Quelle: Erstellt\u00a0mit dem <a style=\"text-decoration: none;\" title=\"Impressum Generator von firmenwebseiten.at\" href=\"https:\/\/www.firmenwebseiten.at\/impressum-generator\/\" target=\"_blank\" rel=\"follow noopener\">Impressum Generator von firmenwebseiten.at<\/a>\u00a0in Kooperation mit <a style=\"text-decoration: none;\" title=\"Dr. Doris Wallentin - asthetische Behandlungen mit und ohne Operation in Wien\" href=\"https:\/\/www.wallentin.cc\" target=\"_blank\" rel=\"follow noopener\">wallentin.cc<\/a><\/p><h5>EU-Streitschlichtung<\/h5><p>Gem\u00e4\u00df Verordnung \u00fcber Online-Streitbeilegung in Verbraucherangelegenheiten (ODR-Verordnung) m\u00f6chten wir Sie \u00fcber die Online-Streitbeilegungsplattform (OS-Plattform) informieren.<br \/>Verbraucher haben die M\u00f6glichkeit, Beschwerden an die Online Streitbeilegungsplattform der Europ\u00e4ischen Kommission unter <a href=\"https:\/\/ec.europa.eu\/consumers\/odr\/main\/index.cfm?event=main.home2.show&amp;lng=DE\" target=\"_blank\" rel=\"nofollow noopener\">http:\/\/ec.europa.eu\/odr?tid=221104747<\/a> zu richten. Die daf\u00fcr notwendigen Kontaktdaten finden Sie oberhalb in unserem Impressum.<\/p><p>Wir m\u00f6chten Sie jedoch darauf hinweisen, dass wir nicht bereit oder verpflichtet sind, an Streitbeilegungsverfahren vor einer Verbraucherschlichtungsstelle teilzunehmen.<\/p><h5>Haftung f\u00fcr Inhalte dieser Webseite<\/h5><p>Wir entwickeln die Inhalte dieser Webseite st\u00e4ndig weiter und bem\u00fchen uns korrekte und aktuelle Informationen bereitzustellen. Leider k\u00f6nnen wir keine Haftung f\u00fcr die Korrektheit aller Inhalte auf dieser Webseite \u00fcbernehmen, speziell f\u00fcr jene die seitens Dritter bereitgestellt wurden.<\/p><p>Sollten Ihnen problematische oder rechtswidrige Inhalte auffallen, bitten wir Sie uns umgehend zu kontaktieren, Sie finden die Kontaktdaten im Impressum.<\/p><h5>Haftung f\u00fcr Links auf dieser Webseite<\/h5><p>Unsere Webseite enth\u00e4lt Links zu anderen Webseiten f\u00fcr deren Inhalt wir nicht verantwortlich sind. Haftung f\u00fcr verlinkte Websites besteht laut <a href=\"https:\/\/www.ris.bka.gv.at\/Dokument.wxe?Abfrage=Bundesnormen&amp;Dokumentnummer=NOR40025813&amp;tid=221104747\" target=\"_blank\" rel=\"noopener nofollow\">\u00a7 17 ECG<\/a> f\u00fcr uns nicht, da wir keine Kenntnis rechtswidriger T\u00e4tigkeiten hatten und haben, uns solche Rechtswidrigkeiten auch bisher nicht aufgefallen sind und wir Links sofort entfernen w\u00fcrden, wenn uns Rechtswidrigkeiten bekannt werden.<\/p><p>Wenn Ihnen rechtswidrige Links auf unserer Website auffallen, bitten wir Sie uns zu kontaktieren, Sie finden die Kontaktdaten im Impressum.<\/p><h5>Urheberrechtshinweis<\/h5><p>Alle Inhalte dieser Webseite (Bilder, Fotos, Texte, Videos) unterliegen dem Urheberrecht. Falls notwendig, werden wir die unerlaubte Nutzung von Teilen der Inhalte unserer Seite rechtlich verfolgen.<\/p><h5>Bildernachweis<\/h5><p>Die Bilder, Fotos und Grafiken auf dieser Webseite sind urheberrechtlich gesch\u00fctzt.<\/p><p>Die Bilderrechte liegen bei den folgenden Fotografen und Unternehmen:<\/p><ul><li><p><span style=\"text-align: -webkit-match-parent; letter-spacing: 0.2px;\">Spekner\/\u00a9AKF &amp; Reimoar<\/span><\/p><\/li><li><p><span style=\"text-align: -webkit-match-parent; letter-spacing: 0.2px;\">Odelga\/\u00a9AKF &amp; Reimoar<\/span><\/p><\/li><\/ul><h1>\u00a0<\/h1><\/div>\n\t\t\t\t<\/div>\n\t\t\t\t<\/div>\n\t\t\t\t\t\t<\/div>\n\t\t\t\t\t<\/div>\n\t\t<\/div>\n\t\t\t\t\t\t\t\t<\/div>\n\t\t\t\t\t<\/div>\n\t\t<\/section>\n\t\t\t\t\t\t<\/div>\n\t\t\t\t\t\t<\/div>\n\t\t\t\t\t<\/div>\n\t\t","protected":false},"excerpt":{"rendered":"<p>Impressum Informationspflicht laut \u00a75 E-Commerce Gesetz, \u00a714 Unternehmensgesetzbuch, \u00a763 Gewerbeordnung und Offenlegungspflicht laut \u00a725 Mediengesetz. Arbeitskreis FalkenbergVerein zur Erforschung des F\u00fcrstensitzes Judenburg-Strettweg und der Bronze- und Eisenzeit im oberen Murtal Herrengasse 128750 JudenburgZVR:\u00a0318628869 Organschaftliche Vertreter Obmann: Dr. Franz BachmannObmann-Stellvertreterin: Lucia Titze, MA Email: info@museum-murtal.at Vereinssitz: 8750 JudenburgTel.: 03572 \/ 20 3 88E-Mail: office@museum-murtal.at Vereinszweck:\u00a0 Unterst\u00fctzung [&hellip;]<\/p>\n","protected":false},"author":1,"featured_media":0,"parent":0,"menu_order":0,"comment_status":"closed","ping_status":"closed","template":"elementor_header_footer","meta":{"footnotes":""},"_links":{"self":[{"href":"https:\/\/museum-murtal.at\/index.php?rest_route=\/wp\/v2\/pages\/3"}],"collection":[{"href":"https:\/\/museum-murtal.at\/index.php?rest_route=\/wp\/v2\/pages"}],"about":[{"href":"https:\/\/museum-murtal.at\/index.php?rest_route=\/wp\/v2\/types\/page"}],"author":[{"embeddable":true,"href":"https:\/\/museum-murtal.at\/index.php?rest_route=\/wp\/v2\/users\/1"}],"replies":[{"embeddable":true,"href":"https:\/\/museum-murtal.at\/index.php?rest_route=%2Fwp%2Fv2%2Fcomments&post=3"}],"version-history":[{"count":16,"href":"https:\/\/museum-murtal.at\/index.php?rest_route=\/wp\/v2\/pages\/3\/revisions"}],"predecessor-version":[{"id":5561,"href":"https:\/\/museum-murtal.at\/index.php?rest_route=\/wp\/v2\/pages\/3\/revisions\/5561"}],"wp:attachment":[{"href":"https:\/\/museum-murtal.at\/index.php?rest_route=%2Fwp%2Fv2%2Fmedia&parent=3"}],"curies":[{"name":"wp","href":"https:\/\/api.w.org\/{rel}","templated":true}]}}